{"id":2479,"date":"2020-04-21T16:28:18","date_gmt":"2020-04-21T14:28:18","guid":{"rendered":"https:\/\/www.karbonik.nl\/producten\/"},"modified":"2022-06-15T12:40:31","modified_gmt":"2022-06-15T10:40:31","slug":"produkte","status":"publish","type":"page","link":"https:\/\/www.karbonik.nl\/de\/produkte\/","title":{"rendered":"Produkte"},"content":{"rendered":"<p>[vc_row rt_row_background_width=&#8221;fullwidth&#8221; rt_row_content_width=&#8221;default&#8221; rt_row_style=&#8221;default-style&#8221; rt_row_height=&#8221;&#8221; rt_column_gaps=&#8221;&#8221; rt_row_shadows=&#8221;&#8221; rt_row_borders=&#8221;&#8221; rt_bg_effect=&#8221;classic&#8221; rt_bg_image_repeat=&#8221;no-repeat&#8221; rt_bg_size=&#8221;cover&#8221; rt_bg_position=&#8221;center center&#8221; rt_bg_attachment=&#8221;fixed&#8221; rt_bg_layer=&#8221;&#8221; rt_bg_video_format=&#8221;self-hosted&#8221; rt_class=&#8221;rt-1669145&#8243; rt_paddings=&#8221;50,50,,&#8221; rt_margins=&#8221;,,,&#8221; rt_content_margins=&#8221;,,,&#8221; rt_tablet_paddings=&#8221;,,,&#8221; rt_tablet_margins=&#8221;,,,&#8221; rt_tablet_content_margins=&#8221;,,,&#8221; rt_sp_paddings=&#8221;,,,&#8221; rt_sp_margins=&#8221;,,,&#8221; rt_sp_content_margins=&#8221;,,,&#8221; rt_bg_overlay_color=&#8221;rgba(255,255,255,0.6)&#8221; rt_bg_color=&#8221;#e6e6e6&#8243;][vc_column rt_bg_effect=&#8221;classic&#8221; rt_bg_image_repeat=&#8221;repeat&#8221; rt_bg_size=&#8221;auto auto&#8221; rt_bg_position=&#8221;right top&#8221; rt_bg_attachment=&#8221;scroll&#8221;][vc_row_inner rt_row_background_width=&#8221;fullwidth&#8221; rt_row_content_width=&#8221;default&#8221; rt_row_style=&#8221;global-style&#8221; rt_row_height=&#8221;&#8221; rt_column_gaps=&#8221;&#8221; rt_row_borders=&#8221;&#8221; rt_bg_effect=&#8221;classic&#8221; rt_bg_image_repeat=&#8221;repeat&#8221; rt_bg_size=&#8221;cover&#8221; rt_bg_position=&#8221;right top&#8221; rt_bg_attachment=&#8221;scroll&#8221; rt_bg_layer=&#8221;&#8221; rt_bg_video_format=&#8221;self-hosted&#8221;][vc_column_inner width=&#8221;1\/4&#8243; rt_bg_effect=&#8221;classic&#8221; rt_bg_image_repeat=&#8221;repeat&#8221; rt_bg_size=&#8221;auto auto&#8221; rt_bg_position=&#8221;right top&#8221; rt_bg_attachment=&#8221;scroll&#8221; rt_class=&#8221;rt-9420251&#8243; class=&#8221;kolom&#8221; rt_margins=&#8221;,&#8221; rt_paddings=&#8221;,,0,0&#8243; rt_wrapper_paddings=&#8221;,,,&#8221; rt_tablet_margins=&#8221;,&#8221; rt_tablet_paddings=&#8221;,,,&#8221; rt_tablet_wrapper_paddings=&#8221;,,,&#8221; rt_sp_margins=&#8221;,&#8221; rt_sp_paddings=&#8221;,,,&#8221; rt_sp_wrapper_paddings=&#8221;,,,&#8221; rt_bg_color=&#8221;&#8221; rt_bg_overlay_color=&#8221;&#8221;][vc_single_image image=&#8221;554&#8243; img_size=&#8221;full&#8221; alignment=&#8221;center&#8221;]<div class=\"rt-heading-wrapper text-center rt-1781689\">\n\t\t\t\t\t\t<h3 class=\"rt-heading\" >Heizfolie<\/h3>\n\t\t\t\t\t<\/div>[vc_separator style=&#8221;style-1&#8243; rt_class=&#8221;rt-9939571&#8243; margins=&#8221;10,10,,&#8221;][vc_column_text]<\/p>\n<p style=\"text-align: center;\">Die Karbonik-Heizfolie ist eine extrem d\u00fcnne Folie, die mit einem Wirkungsgrad &gt; 99,9 % Strom in W\u00e4rme umwandelt. Die Folie kann unter fast jedem Bodenbelag verlegt werden. Die Folie wird u.a. unter Teppich, Laminat, Parkett, PVC, Beton, Egalin und Fliesen eingesetzt.<\/p>\n<p>[\/vc_column_text]<div class=\"button_wrapper  aligncenter\"><a href=\"https:\/\/www.karbonik.nl\/de\/heizfolie\/\" target=\"_self\" title=\"MEHR ERFAHREN\" class=\"button_  custom big rt-3917369\"><span><span>MEHR ERFAHREN<\/span><\/span><\/a><\/div>[\/vc_column_inner][vc_column_inner width=&#8221;1\/4&#8243; rt_bg_effect=&#8221;classic&#8221; rt_bg_image_repeat=&#8221;repeat&#8221; rt_bg_size=&#8221;auto auto&#8221; rt_bg_position=&#8221;right top&#8221; rt_bg_attachment=&#8221;scroll&#8221; rt_class=&#8221;rt-6093486&#8243; class=&#8221;kolom&#8221; rt_margins=&#8221;,&#8221; rt_paddings=&#8221;,,0,0&#8243; rt_wrapper_paddings=&#8221;,,,&#8221; rt_tablet_margins=&#8221;,&#8221; rt_tablet_paddings=&#8221;,,,&#8221; rt_tablet_wrapper_paddings=&#8221;,,,&#8221; rt_sp_margins=&#8221;,&#8221; rt_sp_paddings=&#8221;,,,&#8221; rt_sp_wrapper_paddings=&#8221;,,,&#8221; rt_bg_color=&#8221;&#8221; rt_bg_overlay_color=&#8221;&#8221;][vc_single_image image=&#8221;3614&#8243; img_size=&#8221;full&#8221; alignment=&#8221;center&#8221;]<div class=\"rt-heading-wrapper text-center rt-9342644\">\n\t\t\t\t\t\t<h3 class=\"rt-heading\" >Carbon Heizvlies<\/h3>\n\t\t\t\t\t<\/div>[vc_separator style=&#8221;style-1&#8243; rt_class=&#8221;rt-9939571&#8243; margins=&#8221;10,10,,&#8221;][vc_column_text]<\/p>\n<p style=\"text-align: center;\">Karbonik Carbon Heizvlies ist eine Glasfasertapete, auf die Karbonik Heat-Paint aufgetragen wird. Nach dem Auftragen kann eine Farbschicht oder eine Stuckschicht \u00fcber das Heizvlies aufgetragen werden, wodurch eine &#8220;unsichtbare&#8221; Wandheizung entsteht.<\/p>\n<p>[\/vc_column_text]<div class=\"button_wrapper  aligncenter\"><a href=\"https:\/\/www.karbonik.nl\/de\/karbonik-heat-paint\/\" target=\"_self\" title=\"MEHR ERFAHREN\" class=\"button_  custom big rt-7046841\"><span><span>MEHR ERFAHREN<\/span><\/span><\/a><\/div>[\/vc_column_inner][vc_column_inner width=&#8221;1\/4&#8243; rt_bg_effect=&#8221;classic&#8221; rt_bg_image_repeat=&#8221;repeat&#8221; rt_bg_size=&#8221;auto auto&#8221; rt_bg_position=&#8221;right top&#8221; rt_bg_attachment=&#8221;scroll&#8221; rt_class=&#8221;rt-3854242&#8243; class=&#8221;kolom&#8221; rt_margins=&#8221;,&#8221; rt_paddings=&#8221;,,0,0&#8243; rt_wrapper_paddings=&#8221;,,,&#8221; rt_tablet_margins=&#8221;,&#8221; rt_tablet_paddings=&#8221;,,,&#8221; rt_tablet_wrapper_paddings=&#8221;,,,&#8221; rt_sp_margins=&#8221;,&#8221; rt_sp_paddings=&#8221;,,,&#8221; rt_sp_wrapper_paddings=&#8221;,,,&#8221; rt_bg_color=&#8221;&#8221; rt_bg_overlay_color=&#8221;&#8221;][vc_single_image image=&#8221;1113&#8243; img_size=&#8221;full&#8221; alignment=&#8221;center&#8221;]<div class=\"rt-heading-wrapper text-center rt-8273254\">\n\t\t\t\t\t\t<h3 class=\"rt-heading\" >Heizpaneele<\/h3>\n\t\t\t\t\t<\/div>[vc_separator style=&#8221;style-1&#8243; rt_class=&#8221;rt-9939571&#8243; margins=&#8221;10,10,,&#8221;][vc_column_text]<\/p>\n<p style=\"text-align: center;\">Heizpaneele sind besonders f\u00fcr die Deckenmontage geeignet. Die Heizpanelen sind versehen mit einer d\u00fcnnen Beschichtung auf der R\u00fcckseite, welche mittels Elektroden unter Spannung gesetzt wird. Die elektrische Energie wird anschlie\u00dfend mit einem sehr hohen Wirkungsgrad in angenehme Strahlungsw\u00e4rme umgewandelt.<\/p>\n<p>[\/vc_column_text]<div class=\"button_wrapper  aligncenter\"><a href=\"https:\/\/www.karbonik.nl\/de\/heizpaneele\/\" target=\"_self\" title=\"https:\/\/www.karbonik.nl\/de\/heizpaneele\/\" class=\"button_  custom big rt-4901910\"><span><span>MEHR ERFAHREN<\/span><\/span><\/a><\/div>[\/vc_column_inner][vc_column_inner width=&#8221;1\/4&#8243; rt_bg_effect=&#8221;classic&#8221; rt_bg_image_repeat=&#8221;repeat&#8221; rt_bg_size=&#8221;auto auto&#8221; rt_bg_position=&#8221;right top&#8221; rt_bg_attachment=&#8221;scroll&#8221; rt_class=&#8221;rt-2758818&#8243; class=&#8221;kolom&#8221; rt_margins=&#8221;,&#8221; rt_paddings=&#8221;,,0,0&#8243; rt_wrapper_paddings=&#8221;,,,&#8221; rt_tablet_margins=&#8221;,&#8221; rt_tablet_paddings=&#8221;,,,&#8221; rt_tablet_wrapper_paddings=&#8221;,,,&#8221; rt_sp_margins=&#8221;,&#8221; rt_sp_paddings=&#8221;,,,&#8221; rt_sp_wrapper_paddings=&#8221;,,,&#8221; rt_bg_color=&#8221;&#8221; rt_bg_overlay_color=&#8221;&#8221;][vc_single_image image=&#8221;1109&#8243; img_size=&#8221;full&#8221; alignment=&#8221;center&#8221;]<div class=\"rt-heading-wrapper text-center rt-8365308\">\n\t\t\t\t\t\t<h3 class=\"rt-heading\" >Steuerungssysteme<\/h3>\n\t\t\t\t\t<\/div>[vc_separator style=&#8221;style-1&#8243; rt_class=&#8221;rt-9939571&#8243; margins=&#8221;10,10,,&#8221;][vc_column_text]<\/p>\n<p style=\"text-align: center;\">Karbonik liefert auch die Steuerungen f\u00fcr seine Heizungsanlagen. Vom einfachen Thermostat bis hin zu einem fortschrittlichen Hausautomatisierungssystem, das nicht nur die Heizung, sondern auch die Beleuchtung, Jalousien, elektrische T\u00fcren usw. steuert und an alle m\u00f6glichen Sensoren angeschlossen werden kann.<\/p>\n<p>[\/vc_column_text]<div class=\"button_wrapper  aligncenter\"><a href=\"https:\/\/www.karbonik.nl\/de\/steuerungssysteme\/\" target=\"_self\" title=\"MEHR ERFAHREN\" class=\"button_  custom big rt-4076106\"><span><span>MEHR ERFAHREN<\/span><\/span><\/a><\/div>[\/vc_column_inner][\/vc_row_inner][\/vc_column][\/vc_row][vc_row rt_row_background_width=&#8221;fullwidth&#8221; rt_row_content_width=&#8221;default&#8221; rt_row_style=&#8221;default-style&#8221; rt_row_height=&#8221;&#8221; rt_column_gaps=&#8221;&#8221; rt_row_shadows=&#8221;&#8221; rt_row_borders=&#8221;&#8221; rt_bg_effect=&#8221;classic&#8221; rt_bg_image_repeat=&#8221;repeat&#8221; rt_bg_size=&#8221;cover&#8221; rt_bg_position=&#8221;right top&#8221; rt_bg_attachment=&#8221;scroll&#8221; rt_bg_layer=&#8221;&#8221; rt_bg_video_format=&#8221;self-hosted&#8221;][vc_column rt_bg_effect=&#8221;classic&#8221; rt_bg_image_repeat=&#8221;repeat&#8221; rt_bg_size=&#8221;auto auto&#8221; rt_bg_position=&#8221;right top&#8221; rt_bg_attachment=&#8221;scroll&#8221;]<div class=\"rt-heading-wrapper rt-9277118\">\n\t\t\t\t\t\t<h1 class=\"rt-heading\" >Produkt Zertifizierungen<\/h1>\n\t\t\t\t\t<\/div>[\/vc_column][\/vc_row][vc_row rt_row_background_width=&#8221;fullwidth&#8221; rt_row_content_width=&#8221;default&#8221; rt_row_style=&#8221;default-style&#8221; rt_row_height=&#8221;&#8221; rt_column_gaps=&#8221;&#8221; rt_row_shadows=&#8221;&#8221; rt_row_borders=&#8221;&#8221; rt_bg_effect=&#8221;classic&#8221; rt_bg_image_repeat=&#8221;repeat&#8221; rt_bg_size=&#8221;cover&#8221; rt_bg_position=&#8221;right top&#8221; rt_bg_attachment=&#8221;scroll&#8221; rt_bg_layer=&#8221;&#8221; rt_bg_video_format=&#8221;self-hosted&#8221;][vc_column width=&#8221;1\/2&#8243; rt_bg_effect=&#8221;classic&#8221; rt_bg_image_repeat=&#8221;repeat&#8221; rt_bg_size=&#8221;auto auto&#8221; rt_bg_position=&#8221;right top&#8221; rt_bg_attachment=&#8221;scroll&#8221;][vc_row_inner rt_row_background_width=&#8221;fullwidth&#8221; rt_row_content_width=&#8221;default&#8221; rt_row_style=&#8221;global-style&#8221; rt_row_height=&#8221;&#8221; rt_column_gaps=&#8221;&#8221; rt_row_borders=&#8221;&#8221; rt_bg_effect=&#8221;classic&#8221; rt_bg_image_repeat=&#8221;repeat&#8221; rt_bg_size=&#8221;cover&#8221; rt_bg_position=&#8221;right top&#8221; rt_bg_attachment=&#8221;scroll&#8221; rt_bg_layer=&#8221;&#8221; rt_bg_video_format=&#8221;self-hosted&#8221;][vc_column_inner width=&#8221;1\/6&#8243; rt_bg_effect=&#8221;classic&#8221; rt_bg_image_repeat=&#8221;repeat&#8221; rt_bg_size=&#8221;auto auto&#8221; rt_bg_position=&#8221;right top&#8221; rt_bg_attachment=&#8221;scroll&#8221;][vc_single_image image=&#8221;2447&#8243; alignment=&#8221;center&#8221;][\/vc_column_inner][vc_column_inner width=&#8221;1\/6&#8243; rt_bg_effect=&#8221;classic&#8221; rt_bg_image_repeat=&#8221;repeat&#8221; rt_bg_size=&#8221;auto auto&#8221; rt_bg_position=&#8221;right top&#8221; rt_bg_attachment=&#8221;scroll&#8221;][vc_single_image image=&#8221;2436&#8243; alignment=&#8221;center&#8221;][\/vc_column_inner][vc_column_inner width=&#8221;1\/6&#8243; rt_bg_effect=&#8221;classic&#8221; rt_bg_image_repeat=&#8221;repeat&#8221; rt_bg_size=&#8221;auto auto&#8221; rt_bg_position=&#8221;right top&#8221; rt_bg_attachment=&#8221;scroll&#8221;][vc_single_image image=&#8221;2440&#8243; alignment=&#8221;center&#8221;][\/vc_column_inner][vc_column_inner width=&#8221;1\/6&#8243; rt_bg_effect=&#8221;classic&#8221; rt_bg_image_repeat=&#8221;repeat&#8221; rt_bg_size=&#8221;auto auto&#8221; rt_bg_position=&#8221;right top&#8221; rt_bg_attachment=&#8221;scroll&#8221;][vc_single_image image=&#8221;2432&#8243; alignment=&#8221;center&#8221;][\/vc_column_inner][vc_column_inner width=&#8221;1\/6&#8243; rt_bg_effect=&#8221;classic&#8221; rt_bg_image_repeat=&#8221;repeat&#8221; rt_bg_size=&#8221;auto auto&#8221; rt_bg_position=&#8221;right top&#8221; rt_bg_attachment=&#8221;scroll&#8221;][vc_single_image image=&#8221;2438&#8243; alignment=&#8221;center&#8221;][\/vc_column_inner][vc_column_inner width=&#8221;1\/6&#8243; rt_bg_effect=&#8221;classic&#8221; rt_bg_image_repeat=&#8221;repeat&#8221; rt_bg_size=&#8221;auto auto&#8221; rt_bg_position=&#8221;right top&#8221; rt_bg_attachment=&#8221;scroll&#8221;][vc_single_image image=&#8221;2449&#8243; alignment=&#8221;center&#8221;][\/vc_column_inner][\/vc_row_inner][\/vc_column][vc_column width=&#8221;1\/2&#8243; rt_bg_effect=&#8221;classic&#8221; rt_bg_image_repeat=&#8221;repeat&#8221; rt_bg_size=&#8221;auto auto&#8221; rt_bg_position=&#8221;right top&#8221; rt_bg_attachment=&#8221;scroll&#8221;][\/vc_column][\/vc_row]<\/p>\n","protected":false},"excerpt":{"rendered":"<p>[vc_row rt_row_background_width=&#8221;fullwidth&#8221; rt_row_content_width=&#8221;default&#8221; rt_row_style=&#8221;default-style&#8221; rt_row_height=&#8221;&#8221; rt_column_gaps=&#8221;&#8221; rt_row_shadows=&#8221;&#8221; rt_row_borders=&#8221;&#8221; rt_bg_effect=&#8221;classic&#8221; rt_bg_image_repeat=&#8221;no-repeat&#8221; rt_bg_size=&#8221;cover&#8221; rt_bg_position=&#8221;center center&#8221; rt_bg_attachment=&#8221;fixed&#8221; rt_bg_layer=&#8221;&#8221; rt_bg_video_format=&#8221;self-hosted&#8221; rt_class=&#8221;rt-1669145&#8243; rt_paddings=&#8221;50,50,,&#8221; rt_margins=&#8221;,,,&#8221; rt_content_margins=&#8221;,,,&#8221; rt_tablet_paddings=&#8221;,,,&#8221; rt_tablet_margins=&#8221;,,,&#8221; rt_tablet_content_margins=&#8221;,,,&#8221; rt_sp_paddings=&#8221;,,,&#8221; rt_sp_margins=&#8221;,,,&#8221; rt_sp_content_margins=&#8221;,,,&#8221; rt_bg_overlay_color=&#8221;rgba(255,255,255,0.6)&#8221; rt_bg_color=&#8221;#e6e6e6&#8243;][vc_column rt_bg_effect=&#8221;classic&#8221; rt_bg_image_repeat=&#8221;repeat&#8221; rt_bg_size=&#8221;auto auto&#8221; rt_bg_position=&#8221;right top&#8221; rt_bg_attachment=&#8221;scroll&#8221;][vc_row_inner rt_row_background_width=&#8221;fullwidth&#8221; rt_row_content_width=&#8221;default&#8221; rt_row_style=&#8221;global-style&#8221; rt_row_height=&#8221;&#8221; rt_column_gaps=&#8221;&#8221; rt_row_borders=&#8221;&#8221; rt_bg_effect=&#8221;classic&#8221; rt_bg_image_repeat=&#8221;repeat&#8221; rt_bg_size=&#8221;cover&#8221; rt_bg_position=&#8221;right top&#8221; rt_bg_attachment=&#8221;scroll&#8221; rt_bg_layer=&#8221;&#8221; rt_bg_video_format=&#8221;self-hosted&#8221;][vc_column_inner width=&#8221;1\/4&#8243; rt_bg_effect=&#8221;classic&#8221; rt_bg_image_repeat=&#8221;repeat&#8221; rt_bg_size=&#8221;auto auto&#8221; rt_bg_position=&#8221;right [&hellip;]<\/p>\n","protected":false},"author":1,"featured_media":0,"parent":0,"menu_order":0,"comment_status":"closed","ping_status":"closed","template":"","meta":{"inline_featured_image":false,"footnotes":""},"class_list":["post-2479","page","type-page","status-publish","hentry"],"yoast_head":"<!-- This site is optimized with the Yoast SEO plugin v27.5 - https:\/\/yoast.com\/product\/yoast-seo-wordpress\/ -->\n<title>Produkte - Karbonik<\/title>\n<meta name=\"robots\" content=\"index, follow, max-snippet:-1, max-image-preview:large, max-video-preview:-1\" \/>\n<link rel=\"canonical\" href=\"https:\/\/www.karbonik.nl\/de\/produkte\/\" \/>\n<meta property=\"og:locale\" content=\"de_DE\" \/>\n<meta property=\"og:type\" content=\"article\" \/>\n<meta property=\"og:title\" content=\"Produkte - Karbonik\" \/>\n<meta property=\"og:description\" content=\"[vc_row rt_row_background_width=&#8221;fullwidth&#8221; rt_row_content_width=&#8221;default&#8221; rt_row_style=&#8221;default-style&#8221; rt_row_height=&#8221;&#8221; rt_column_gaps=&#8221;&#8221; rt_row_shadows=&#8221;&#8221; rt_row_borders=&#8221;&#8221; rt_bg_effect=&#8221;classic&#8221; rt_bg_image_repeat=&#8221;no-repeat&#8221; rt_bg_size=&#8221;cover&#8221; rt_bg_position=&#8221;center center&#8221; rt_bg_attachment=&#8221;fixed&#8221; rt_bg_layer=&#8221;&#8221; rt_bg_video_format=&#8221;self-hosted&#8221; rt_class=&#8221;rt-1669145&#8243; rt_paddings=&#8221;50,50,,&#8221; rt_margins=&#8221;,,,&#8221; rt_content_margins=&#8221;,,,&#8221; rt_tablet_paddings=&#8221;,,,&#8221; rt_tablet_margins=&#8221;,,,&#8221; rt_tablet_content_margins=&#8221;,,,&#8221; rt_sp_paddings=&#8221;,,,&#8221; rt_sp_margins=&#8221;,,,&#8221; rt_sp_content_margins=&#8221;,,,&#8221; rt_bg_overlay_color=&#8221;rgba(255,255,255,0.6)&#8221; rt_bg_color=&#8221;#e6e6e6&#8243;][vc_column rt_bg_effect=&#8221;classic&#8221; rt_bg_image_repeat=&#8221;repeat&#8221; rt_bg_size=&#8221;auto auto&#8221; rt_bg_position=&#8221;right top&#8221; rt_bg_attachment=&#8221;scroll&#8221;][vc_row_inner rt_row_background_width=&#8221;fullwidth&#8221; rt_row_content_width=&#8221;default&#8221; rt_row_style=&#8221;global-style&#8221; rt_row_height=&#8221;&#8221; rt_column_gaps=&#8221;&#8221; rt_row_borders=&#8221;&#8221; rt_bg_effect=&#8221;classic&#8221; rt_bg_image_repeat=&#8221;repeat&#8221; rt_bg_size=&#8221;cover&#8221; rt_bg_position=&#8221;right top&#8221; rt_bg_attachment=&#8221;scroll&#8221; rt_bg_layer=&#8221;&#8221; rt_bg_video_format=&#8221;self-hosted&#8221;][vc_column_inner width=&#8221;1\/4&#8243; rt_bg_effect=&#8221;classic&#8221; rt_bg_image_repeat=&#8221;repeat&#8221; rt_bg_size=&#8221;auto auto&#8221; rt_bg_position=&#8221;right [&hellip;]\" \/>\n<meta property=\"og:url\" content=\"https:\/\/www.karbonik.nl\/de\/produkte\/\" \/>\n<meta property=\"og:site_name\" content=\"Karbonik\" \/>\n<meta property=\"article:modified_time\" content=\"2022-06-15T10:40:31+00:00\" \/>\n<meta name=\"twitter:card\" content=\"summary_large_image\" \/>\n<meta name=\"twitter:label1\" content=\"Gesch\u00e4tzte Lesezeit\" \/>\n\t<meta name=\"twitter:data1\" content=\"3\u00a0Minuten\" \/>\n<!-- \/ Yoast SEO plugin. -->","yoast_head_json":{"title":"Produkte - Karbonik","robots":{"index":"index","follow":"follow","max-snippet":"max-snippet:-1","max-image-preview":"max-image-preview:large","max-video-preview":"max-video-preview:-1"},"canonical":"https:\/\/www.karbonik.nl\/de\/produkte\/","og_locale":"de_DE","og_type":"article","og_title":"Produkte - Karbonik","og_description":"[vc_row rt_row_background_width=&#8221;fullwidth&#8221; rt_row_content_width=&#8221;default&#8221; rt_row_style=&#8221;default-style&#8221; rt_row_height=&#8221;&#8221; rt_column_gaps=&#8221;&#8221; rt_row_shadows=&#8221;&#8221; rt_row_borders=&#8221;&#8221; rt_bg_effect=&#8221;classic&#8221; rt_bg_image_repeat=&#8221;no-repeat&#8221; rt_bg_size=&#8221;cover&#8221; rt_bg_position=&#8221;center center&#8221; rt_bg_attachment=&#8221;fixed&#8221; rt_bg_layer=&#8221;&#8221; rt_bg_video_format=&#8221;self-hosted&#8221; rt_class=&#8221;rt-1669145&#8243; rt_paddings=&#8221;50,50,,&#8221; rt_margins=&#8221;,,,&#8221; rt_content_margins=&#8221;,,,&#8221; rt_tablet_paddings=&#8221;,,,&#8221; rt_tablet_margins=&#8221;,,,&#8221; rt_tablet_content_margins=&#8221;,,,&#8221; rt_sp_paddings=&#8221;,,,&#8221; rt_sp_margins=&#8221;,,,&#8221; rt_sp_content_margins=&#8221;,,,&#8221; rt_bg_overlay_color=&#8221;rgba(255,255,255,0.6)&#8221; rt_bg_color=&#8221;#e6e6e6&#8243;][vc_column rt_bg_effect=&#8221;classic&#8221; rt_bg_image_repeat=&#8221;repeat&#8221; rt_bg_size=&#8221;auto auto&#8221; rt_bg_position=&#8221;right top&#8221; rt_bg_attachment=&#8221;scroll&#8221;][vc_row_inner rt_row_background_width=&#8221;fullwidth&#8221; rt_row_content_width=&#8221;default&#8221; rt_row_style=&#8221;global-style&#8221; rt_row_height=&#8221;&#8221; rt_column_gaps=&#8221;&#8221; rt_row_borders=&#8221;&#8221; rt_bg_effect=&#8221;classic&#8221; rt_bg_image_repeat=&#8221;repeat&#8221; rt_bg_size=&#8221;cover&#8221; rt_bg_position=&#8221;right top&#8221; rt_bg_attachment=&#8221;scroll&#8221; rt_bg_layer=&#8221;&#8221; rt_bg_video_format=&#8221;self-hosted&#8221;][vc_column_inner width=&#8221;1\/4&#8243; rt_bg_effect=&#8221;classic&#8221; rt_bg_image_repeat=&#8221;repeat&#8221; rt_bg_size=&#8221;auto auto&#8221; rt_bg_position=&#8221;right [&hellip;]","og_url":"https:\/\/www.karbonik.nl\/de\/produkte\/","og_site_name":"Karbonik","article_modified_time":"2022-06-15T10:40:31+00:00","twitter_card":"summary_large_image","twitter_misc":{"Gesch\u00e4tzte Lesezeit":"3\u00a0Minuten"},"schema":{"@context":"https:\/\/schema.org","@graph":[{"@type":"WebPage","@id":"https:\/\/www.karbonik.nl\/de\/produkte\/","url":"https:\/\/www.karbonik.nl\/de\/produkte\/","name":"Produkte - Karbonik","isPartOf":{"@id":"https:\/\/www.karbonik.nl\/#website"},"datePublished":"2020-04-21T14:28:18+00:00","dateModified":"2022-06-15T10:40:31+00:00","breadcrumb":{"@id":"https:\/\/www.karbonik.nl\/de\/produkte\/#breadcrumb"},"inLanguage":"de","potentialAction":[{"@type":"ReadAction","target":["https:\/\/www.karbonik.nl\/de\/produkte\/"]}]},{"@type":"BreadcrumbList","@id":"https:\/\/www.karbonik.nl\/de\/produkte\/#breadcrumb","itemListElement":[{"@type":"ListItem","position":1,"name":"Home","item":"https:\/\/www.karbonik.nl\/de\/"},{"@type":"ListItem","position":2,"name":"Produkte"}]},{"@type":"WebSite","@id":"https:\/\/www.karbonik.nl\/#website","url":"https:\/\/www.karbonik.nl\/","name":"Karbonik","description":"verwarmingssystemen op basis van carbon","potentialAction":[{"@type":"SearchAction","target":{"@type":"EntryPoint","urlTemplate":"https:\/\/www.karbonik.nl\/?s={search_term_string}"},"query-input":{"@type":"PropertyValueSpecification","valueRequired":true,"valueName":"search_term_string"}}],"inLanguage":"de"}]}},"_links":{"self":[{"href":"https:\/\/www.karbonik.nl\/de\/wp-json\/wp\/v2\/pages\/2479","targetHints":{"allow":["GET"]}}],"collection":[{"href":"https:\/\/www.karbonik.nl\/de\/wp-json\/wp\/v2\/pages"}],"about":[{"href":"https:\/\/www.karbonik.nl\/de\/wp-json\/wp\/v2\/types\/page"}],"author":[{"embeddable":true,"href":"https:\/\/www.karbonik.nl\/de\/wp-json\/wp\/v2\/users\/1"}],"replies":[{"embeddable":true,"href":"https:\/\/www.karbonik.nl\/de\/wp-json\/wp\/v2\/comments?post=2479"}],"version-history":[{"count":9,"href":"https:\/\/www.karbonik.nl\/de\/wp-json\/wp\/v2\/pages\/2479\/revisions"}],"predecessor-version":[{"id":3789,"href":"https:\/\/www.karbonik.nl\/de\/wp-json\/wp\/v2\/pages\/2479\/revisions\/3789"}],"wp:attachment":[{"href":"https:\/\/www.karbonik.nl\/de\/wp-json\/wp\/v2\/media?parent=2479"}],"curies":[{"name":"wp","href":"https:\/\/api.w.org\/{rel}","templated":true}]}}