{"id":2498,"date":"2020-04-22T15:15:39","date_gmt":"2020-04-22T13:15:39","guid":{"rendered":"https:\/\/www.karbonik.nl\/verwarmingspanelen\/"},"modified":"2022-09-05T10:56:24","modified_gmt":"2022-09-05T08:56:24","slug":"heizpaneele","status":"publish","type":"page","link":"https:\/\/www.karbonik.nl\/de\/heizpaneele\/","title":{"rendered":"Heizpaneele"},"content":{"rendered":"<p>[vc_row rt_row_background_width=&#8221;fullwidth&#8221; rt_row_content_width=&#8221;default&#8221; rt_row_style=&#8221;default-style&#8221; rt_row_height=&#8221;&#8221; rt_column_gaps=&#8221;&#8221; rt_row_shadows=&#8221;&#8221; rt_row_borders=&#8221;&#8221; rt_bg_effect=&#8221;classic&#8221; rt_bg_image_repeat=&#8221;repeat&#8221; rt_bg_size=&#8221;cover&#8221; rt_bg_position=&#8221;right top&#8221; rt_bg_attachment=&#8221;scroll&#8221; rt_bg_layer=&#8221;&#8221; rt_bg_video_format=&#8221;self-hosted&#8221; rt_class=&#8221;rt-8132845&#8243; rt_paddings=&#8221;50,,,&#8221; rt_margins=&#8221;,,,&#8221; rt_content_margins=&#8221;,,,&#8221; rt_tablet_paddings=&#8221;,,,&#8221; rt_tablet_margins=&#8221;,,,&#8221; rt_tablet_content_margins=&#8221;,,,&#8221; rt_sp_paddings=&#8221;,,,&#8221; rt_sp_margins=&#8221;,,,&#8221; rt_sp_content_margins=&#8221;,,,&#8221;][vc_column width=&#8221;2\/3&#8243; rt_bg_effect=&#8221;classic&#8221; rt_bg_image_repeat=&#8221;repeat&#8221; rt_bg_size=&#8221;auto auto&#8221; rt_bg_position=&#8221;right top&#8221; rt_bg_attachment=&#8221;scroll&#8221; rt_class=&#8221;rt-9048267&#8243; rt_margins=&#8221;,&#8221; rt_paddings=&#8221;,20,,&#8221; rt_wrapper_paddings=&#8221;,,,&#8221; rt_tablet_margins=&#8221;,&#8221; rt_tablet_paddings=&#8221;,,,&#8221; rt_tablet_wrapper_paddings=&#8221;,,,&#8221; rt_sp_margins=&#8221;,&#8221; rt_sp_paddings=&#8221;,,,&#8221; rt_sp_wrapper_paddings=&#8221;,,,&#8221; rt_bg_color=&#8221;&#8221; rt_bg_overlay_color=&#8221;&#8221;]<div class=\"rt-heading-wrapper rt-7332398\">\n\t\t\t\t\t\t<h3 class=\"rt-heading\" >Karbonik-Heizpaneele<\/h3>\n\t\t\t\t\t<\/div>[vc_column_text]Karbonik-Heizpaneele sind eine energieeffiziente und komfortable W\u00e4rmequelle. Auf der R\u00fcckseite befindet sich eine d\u00fcnne Schicht aus Kohlenstoff, die mit Hilfe von Elektroden unter Spannung gesetzt wird. Der dadurch entstehende Strom erzeugt dann die W\u00e4rme. Diese W\u00e4rmestrahlung ist fast sofort nach dem Einschalten des Panels sp\u00fcrbar, schneller als bei einer wasserbasierten Heizung. Das Funktionsprinzip ist somit identisch mit dem der Karbonik-Heizfolie und dem W\u00e4rmeerzeugerlack. Dies eignet sich hervorragend f\u00fcr die Beheizung von R\u00e4umen, in denen sich Personen nur kurz aufhalten.[\/vc_column_text]<div class=\"rt-heading-wrapper rt-2542795\">\n\t\t\t\t\t\t<h3 class=\"rt-heading\" >30% h\u00f6herer Wirkungsgrad<\/h3>\n\t\t\t\t\t<\/div>[vc_column_text]Die Karbonik-Heizplatten werden mit ca. 100 \u00b0C deutlich w\u00e4rmer als der Lack oder die Folie. Sie sollten daher au\u00dfer Reichweite an der Wand oder Decke befestigt werden.<\/p>\n<p>Durch die \u00fcberlegene Haftung des Kohlenstoffs wird ein ca. 30% h\u00f6herer Wirkungsgrad der Energie\u00fcbertragung im Vergleich zu herk\u00f6mmlichen IR-Panels erreicht. Diese Effizienz wird auch \u00fcber die Jahre beibehalten. Das macht sie sowohl kurz- als auch langfristig zu einer nachhaltigen und energiesparenden L\u00f6sung.[\/vc_column_text][\/vc_column][vc_column width=&#8221;1\/3&#8243; rt_bg_effect=&#8221;classic&#8221; rt_bg_image_repeat=&#8221;repeat&#8221; rt_bg_size=&#8221;auto auto&#8221; rt_bg_position=&#8221;right top&#8221; rt_bg_attachment=&#8221;scroll&#8221;][vc_images_carousel images=&#8221;3985,3979,3976,3982&#8243; img_size=&#8221;full&#8221; autoplay=&#8221;yes&#8221; wrap=&#8221;yes&#8221;][\/vc_column][\/vc_row]<\/p>\n","protected":false},"excerpt":{"rendered":"<p>[vc_row rt_row_background_width=&#8221;fullwidth&#8221; rt_row_content_width=&#8221;default&#8221; rt_row_style=&#8221;default-style&#8221; rt_row_height=&#8221;&#8221; rt_column_gaps=&#8221;&#8221; rt_row_shadows=&#8221;&#8221; rt_row_borders=&#8221;&#8221; rt_bg_effect=&#8221;classic&#8221; rt_bg_image_repeat=&#8221;repeat&#8221; rt_bg_size=&#8221;cover&#8221; rt_bg_position=&#8221;right top&#8221; rt_bg_attachment=&#8221;scroll&#8221; rt_bg_layer=&#8221;&#8221; rt_bg_video_format=&#8221;self-hosted&#8221; rt_class=&#8221;rt-8132845&#8243; rt_paddings=&#8221;50,,,&#8221; rt_margins=&#8221;,,,&#8221; rt_content_margins=&#8221;,,,&#8221; rt_tablet_paddings=&#8221;,,,&#8221; rt_tablet_margins=&#8221;,,,&#8221; rt_tablet_content_margins=&#8221;,,,&#8221; rt_sp_paddings=&#8221;,,,&#8221; rt_sp_margins=&#8221;,,,&#8221; rt_sp_content_margins=&#8221;,,,&#8221;][vc_column width=&#8221;2\/3&#8243; rt_bg_effect=&#8221;classic&#8221; rt_bg_image_repeat=&#8221;repeat&#8221; rt_bg_size=&#8221;auto auto&#8221; rt_bg_position=&#8221;right top&#8221; rt_bg_attachment=&#8221;scroll&#8221; rt_class=&#8221;rt-9048267&#8243; rt_margins=&#8221;,&#8221; rt_paddings=&#8221;,20,,&#8221; rt_wrapper_paddings=&#8221;,,,&#8221; rt_tablet_margins=&#8221;,&#8221; rt_tablet_paddings=&#8221;,,,&#8221; rt_tablet_wrapper_paddings=&#8221;,,,&#8221; rt_sp_margins=&#8221;,&#8221; rt_sp_paddings=&#8221;,,,&#8221; rt_sp_wrapper_paddings=&#8221;,,,&#8221; rt_bg_color=&#8221;&#8221; rt_bg_overlay_color=&#8221;&#8221;][vc_column_text]Karbonik-Heizpaneele sind eine energieeffiziente und komfortable W\u00e4rmequelle. Auf der R\u00fcckseite [&hellip;]<\/p>\n","protected":false},"author":1,"featured_media":0,"parent":0,"menu_order":0,"comment_status":"closed","ping_status":"closed","template":"","meta":{"inline_featured_image":false,"footnotes":""},"class_list":["post-2498","page","type-page","status-publish","hentry"],"yoast_head":"<!-- This site is optimized with the Yoast SEO plugin v27.5 - https:\/\/yoast.com\/product\/yoast-seo-wordpress\/ -->\n<title>Heizpaneele - Karbonik, optimale verwarming<\/title>\n<meta name=\"description\" content=\"Karbonik verwarmingspanelen zijn een energie-effici\u00ebnte en comfortabele warmtebron, voor optimale verwarming voor uw woning.\" \/>\n<meta name=\"robots\" content=\"index, follow, max-snippet:-1, max-image-preview:large, max-video-preview:-1\" \/>\n<link rel=\"canonical\" href=\"https:\/\/www.karbonik.nl\/de\/heizpaneele\/\" \/>\n<meta property=\"og:locale\" content=\"de_DE\" \/>\n<meta property=\"og:type\" content=\"article\" \/>\n<meta property=\"og:title\" content=\"Heizpaneele - Karbonik, optimale verwarming\" \/>\n<meta property=\"og:description\" content=\"Karbonik verwarmingspanelen zijn een energie-effici\u00ebnte en comfortabele warmtebron, voor optimale verwarming voor uw woning.\" \/>\n<meta property=\"og:url\" content=\"https:\/\/www.karbonik.nl\/de\/heizpaneele\/\" \/>\n<meta property=\"og:site_name\" content=\"Karbonik\" \/>\n<meta property=\"article:modified_time\" content=\"2022-09-05T08:56:24+00:00\" \/>\n<meta name=\"twitter:card\" content=\"summary_large_image\" \/>\n<meta name=\"twitter:label1\" content=\"Gesch\u00e4tzte Lesezeit\" \/>\n\t<meta name=\"twitter:data1\" content=\"2\u00a0Minuten\" \/>\n<!-- \/ Yoast SEO plugin. -->","yoast_head_json":{"title":"Heizpaneele - Karbonik, optimale verwarming","description":"Karbonik verwarmingspanelen zijn een energie-effici\u00ebnte en comfortabele warmtebron, voor optimale verwarming voor uw woning.","robots":{"index":"index","follow":"follow","max-snippet":"max-snippet:-1","max-image-preview":"max-image-preview:large","max-video-preview":"max-video-preview:-1"},"canonical":"https:\/\/www.karbonik.nl\/de\/heizpaneele\/","og_locale":"de_DE","og_type":"article","og_title":"Heizpaneele - Karbonik, optimale verwarming","og_description":"Karbonik verwarmingspanelen zijn een energie-effici\u00ebnte en comfortabele warmtebron, voor optimale verwarming voor uw woning.","og_url":"https:\/\/www.karbonik.nl\/de\/heizpaneele\/","og_site_name":"Karbonik","article_modified_time":"2022-09-05T08:56:24+00:00","twitter_card":"summary_large_image","twitter_misc":{"Gesch\u00e4tzte Lesezeit":"2\u00a0Minuten"},"schema":{"@context":"https:\/\/schema.org","@graph":[{"@type":"WebPage","@id":"https:\/\/www.karbonik.nl\/de\/heizpaneele\/","url":"https:\/\/www.karbonik.nl\/de\/heizpaneele\/","name":"Heizpaneele - Karbonik, optimale verwarming","isPartOf":{"@id":"https:\/\/www.karbonik.nl\/#website"},"datePublished":"2020-04-22T13:15:39+00:00","dateModified":"2022-09-05T08:56:24+00:00","description":"Karbonik verwarmingspanelen zijn een energie-effici\u00ebnte en comfortabele warmtebron, voor optimale verwarming voor uw woning.","breadcrumb":{"@id":"https:\/\/www.karbonik.nl\/de\/heizpaneele\/#breadcrumb"},"inLanguage":"de","potentialAction":[{"@type":"ReadAction","target":["https:\/\/www.karbonik.nl\/de\/heizpaneele\/"]}]},{"@type":"BreadcrumbList","@id":"https:\/\/www.karbonik.nl\/de\/heizpaneele\/#breadcrumb","itemListElement":[{"@type":"ListItem","position":1,"name":"Home","item":"https:\/\/www.karbonik.nl\/de\/"},{"@type":"ListItem","position":2,"name":"Heizpaneele"}]},{"@type":"WebSite","@id":"https:\/\/www.karbonik.nl\/#website","url":"https:\/\/www.karbonik.nl\/","name":"Karbonik","description":"verwarmingssystemen op basis van carbon","potentialAction":[{"@type":"SearchAction","target":{"@type":"EntryPoint","urlTemplate":"https:\/\/www.karbonik.nl\/?s={search_term_string}"},"query-input":{"@type":"PropertyValueSpecification","valueRequired":true,"valueName":"search_term_string"}}],"inLanguage":"de"}]}},"_links":{"self":[{"href":"https:\/\/www.karbonik.nl\/de\/wp-json\/wp\/v2\/pages\/2498","targetHints":{"allow":["GET"]}}],"collection":[{"href":"https:\/\/www.karbonik.nl\/de\/wp-json\/wp\/v2\/pages"}],"about":[{"href":"https:\/\/www.karbonik.nl\/de\/wp-json\/wp\/v2\/types\/page"}],"author":[{"embeddable":true,"href":"https:\/\/www.karbonik.nl\/de\/wp-json\/wp\/v2\/users\/1"}],"replies":[{"embeddable":true,"href":"https:\/\/www.karbonik.nl\/de\/wp-json\/wp\/v2\/comments?post=2498"}],"version-history":[{"count":17,"href":"https:\/\/www.karbonik.nl\/de\/wp-json\/wp\/v2\/pages\/2498\/revisions"}],"predecessor-version":[{"id":3989,"href":"https:\/\/www.karbonik.nl\/de\/wp-json\/wp\/v2\/pages\/2498\/revisions\/3989"}],"wp:attachment":[{"href":"https:\/\/www.karbonik.nl\/de\/wp-json\/wp\/v2\/media?parent=2498"}],"curies":[{"name":"wp","href":"https:\/\/api.w.org\/{rel}","templated":true}]}}