{"id":2506,"date":"2020-06-11T14:39:31","date_gmt":"2020-06-11T12:39:31","guid":{"rendered":"https:\/\/www.karbonik.nl\/besturingssystemen\/"},"modified":"2021-04-26T15:08:33","modified_gmt":"2021-04-26T13:08:33","slug":"steuerungssysteme","status":"publish","type":"page","link":"https:\/\/www.karbonik.nl\/de\/steuerungssysteme\/","title":{"rendered":"Steuerungssysteme"},"content":{"rendered":"<p>[vc_row rt_row_background_width=&#8221;fullwidth&#8221; rt_row_content_width=&#8221;default&#8221; rt_row_style=&#8221;default-style&#8221; rt_row_height=&#8221;&#8221; rt_column_gaps=&#8221;&#8221; rt_row_shadows=&#8221;&#8221; rt_row_borders=&#8221;&#8221; rt_bg_effect=&#8221;classic&#8221; rt_bg_image_repeat=&#8221;repeat&#8221; rt_bg_size=&#8221;cover&#8221; rt_bg_position=&#8221;right top&#8221; rt_bg_attachment=&#8221;scroll&#8221; rt_bg_layer=&#8221;&#8221; rt_bg_video_format=&#8221;self-hosted&#8221; rt_class=&#8221;rt-9605584&#8243; rt_paddings=&#8221;50,50,,&#8221; rt_margins=&#8221;,,,&#8221; rt_content_margins=&#8221;,,,&#8221; rt_tablet_paddings=&#8221;,,,&#8221; rt_tablet_margins=&#8221;,,,&#8221; rt_tablet_content_margins=&#8221;,,,&#8221; rt_sp_paddings=&#8221;,,,&#8221; rt_sp_margins=&#8221;,,,&#8221; rt_sp_content_margins=&#8221;,,,&#8221;][vc_column width=&#8221;2\/3&#8243; rt_bg_effect=&#8221;classic&#8221; rt_bg_image_repeat=&#8221;repeat&#8221; rt_bg_size=&#8221;auto auto&#8221; rt_bg_position=&#8221;right top&#8221; rt_bg_attachment=&#8221;scroll&#8221;]<div class=\"rt-heading-wrapper rt-6139703\">\n\t\t\t\t\t\t<h3 class=\"rt-heading\" >Steuerungssysteme<\/h3>\n\t\t\t\t\t<\/div>[vc_column_text]Um mit einer Heizungsanlage optimalen Komfort zu erreichen und nicht mehr Energie als unbedingt n\u00f6tig zu verbrauchen, ist eine ad\u00e4quate Regelung unerl\u00e4sslich. Karbonik verf\u00fcgt \u00fcber eine breite Palette von Steuerungssystemen, die vom einfachen Thermostat bis hin zu fortschrittlichen Hausautomationssteuerungssystemen reichen.<\/p>\n<ul>\n<li>Mit unserem Hausautomatisierungssystem k\u00f6nnen Sie selbst Einstellungen vornehmen.<\/li>\n<li>Unser System ist offen &#8211; es l\u00e4sst sich mit (fast) allen Ger\u00e4ten in Ihrem Haus integrieren. Diese Integration ist bereits vorbereitet, so dass Sie das nicht tun m\u00fcssen.<\/li>\n<li>Wenn mehrere R\u00e4ume beheizt werden, ist unser Hausautomatisierungssystem schnell eine preisg\u00fcnstigere Alternative zu separaten Thermostaten, sowohl im Preis als auch in der Nutzung.<\/li>\n<\/ul>\n<p>Die Ausstattung Ihres Hauses mit unserer Smart-Home-Technologie macht es zukunftssicher. Es ist ein Muss f\u00fcr ein modernes Haus und bietet unbegrenzte Steuerungsm\u00f6glichkeiten. Zu den Anwendungen (neben der Steuerung der Heizung) geh\u00f6ren:<\/p>\n<ul>\n<li>Sonnenkollektoren<\/li>\n<li>Energie\u00fcberwachung<\/li>\n<li>Beleuchtungssteuerung<\/li>\n<li>Anwesenheits- und Abwesenheitserkennung<\/li>\n<li>Steuerung von Sonnenschutz und Windschutz<\/li>\n<li>CO2-Messung<\/li>\n<li>Feuchtigkeitsmessung<\/li>\n<li>Bel\u00fcftung<\/li>\n<li>Gegensprechanlage und Kameras<\/li>\n<\/ul>\n<p>[\/vc_column_text][\/vc_column][vc_column width=&#8221;1\/3&#8243; rt_bg_effect=&#8221;classic&#8221; rt_bg_image_repeat=&#8221;repeat&#8221; rt_bg_size=&#8221;auto auto&#8221; rt_bg_position=&#8221;right top&#8221; rt_bg_attachment=&#8221;scroll&#8221;][vc_single_image image=&#8221;1117&#8243; img_size=&#8221;medium&#8221; alignment=&#8221;center&#8221;][vc_single_image image=&#8221;1119&#8243; img_size=&#8221;full&#8221; alignment=&#8221;center&#8221; onclick=&#8221;link_image&#8221;][\/vc_column][\/vc_row][vc_row rt_row_background_width=&#8221;fullwidth&#8221; rt_row_content_width=&#8221;default&#8221; rt_row_style=&#8221;default-style&#8221; rt_row_height=&#8221;&#8221; rt_column_gaps=&#8221;&#8221; rt_row_shadows=&#8221;&#8221; rt_row_borders=&#8221;&#8221; rt_bg_effect=&#8221;classic&#8221; rt_bg_image_repeat=&#8221;repeat&#8221; rt_bg_size=&#8221;cover&#8221; rt_bg_position=&#8221;right top&#8221; rt_bg_attachment=&#8221;scroll&#8221; rt_bg_layer=&#8221;&#8221; rt_bg_video_format=&#8221;self-hosted&#8221; rt_class=&#8221;rt-1094606&#8243; rt_paddings=&#8221;0,50,,&#8221; rt_margins=&#8221;,,,&#8221; rt_content_margins=&#8221;,,,&#8221; rt_tablet_paddings=&#8221;,,,&#8221; rt_tablet_margins=&#8221;,,,&#8221; rt_tablet_content_margins=&#8221;,,,&#8221; rt_sp_paddings=&#8221;,,,&#8221; rt_sp_margins=&#8221;,,,&#8221; rt_sp_content_margins=&#8221;,,,&#8221;][vc_column rt_bg_effect=&#8221;classic&#8221; rt_bg_image_repeat=&#8221;repeat&#8221; rt_bg_size=&#8221;auto auto&#8221; rt_bg_position=&#8221;right top&#8221; rt_bg_attachment=&#8221;scroll&#8221;]<div class=\"button_wrapper  aligncenter\"><a href=\"http:\/\/www.karbonik.nl\/wp-content\/uploads\/Folder-Karbonik-domotica-EN-final.pdf\" target=\"_blank\" title=\"Download der Brosch\u00fcre\" class=\"button_  custom big rt-8125865\"><span><span>Download der Brosch\u00fcre<\/span><\/span><\/a><\/div>[\/vc_column][\/vc_row]<\/p>\n","protected":false},"excerpt":{"rendered":"<p>[vc_row rt_row_background_width=&#8221;fullwidth&#8221; rt_row_content_width=&#8221;default&#8221; rt_row_style=&#8221;default-style&#8221; rt_row_height=&#8221;&#8221; rt_column_gaps=&#8221;&#8221; rt_row_shadows=&#8221;&#8221; rt_row_borders=&#8221;&#8221; rt_bg_effect=&#8221;classic&#8221; rt_bg_image_repeat=&#8221;repeat&#8221; rt_bg_size=&#8221;cover&#8221; rt_bg_position=&#8221;right top&#8221; rt_bg_attachment=&#8221;scroll&#8221; rt_bg_layer=&#8221;&#8221; rt_bg_video_format=&#8221;self-hosted&#8221; rt_class=&#8221;rt-9605584&#8243; rt_paddings=&#8221;50,50,,&#8221; rt_margins=&#8221;,,,&#8221; rt_content_margins=&#8221;,,,&#8221; rt_tablet_paddings=&#8221;,,,&#8221; rt_tablet_margins=&#8221;,,,&#8221; rt_tablet_content_margins=&#8221;,,,&#8221; rt_sp_paddings=&#8221;,,,&#8221; rt_sp_margins=&#8221;,,,&#8221; rt_sp_content_margins=&#8221;,,,&#8221;][vc_column width=&#8221;2\/3&#8243; rt_bg_effect=&#8221;classic&#8221; rt_bg_image_repeat=&#8221;repeat&#8221; rt_bg_size=&#8221;auto auto&#8221; rt_bg_position=&#8221;right top&#8221; rt_bg_attachment=&#8221;scroll&#8221;][vc_column_text]Um mit einer Heizungsanlage optimalen Komfort zu erreichen und nicht mehr Energie als unbedingt n\u00f6tig zu verbrauchen, ist eine ad\u00e4quate Regelung unerl\u00e4sslich. [&hellip;]<\/p>\n","protected":false},"author":1,"featured_media":0,"parent":0,"menu_order":0,"comment_status":"closed","ping_status":"closed","template":"","meta":{"inline_featured_image":false,"footnotes":""},"class_list":["post-2506","page","type-page","status-publish","hentry"],"yoast_head":"<!-- This site is optimized with the Yoast SEO plugin v27.5 - https:\/\/yoast.com\/product\/yoast-seo-wordpress\/ -->\n<title>Steuerungssysteme - Karbonik, voor al uw verwarmingssystemen<\/title>\n<meta name=\"description\" content=\"Om optimaal comfort te bereiken met een verwarmingssysteem zijn besturingssystemen onmisbaar. Karbonik staat voor gebruiksvriendelijkheid!\" \/>\n<meta name=\"robots\" content=\"index, follow, max-snippet:-1, max-image-preview:large, max-video-preview:-1\" \/>\n<link rel=\"canonical\" href=\"https:\/\/www.karbonik.nl\/de\/steuerungssysteme\/\" \/>\n<meta property=\"og:locale\" content=\"de_DE\" \/>\n<meta property=\"og:type\" content=\"article\" \/>\n<meta property=\"og:title\" content=\"Steuerungssysteme - Karbonik, voor al uw verwarmingssystemen\" \/>\n<meta property=\"og:description\" content=\"Om optimaal comfort te bereiken met een verwarmingssysteem zijn besturingssystemen onmisbaar. Karbonik staat voor gebruiksvriendelijkheid!\" \/>\n<meta property=\"og:url\" content=\"https:\/\/www.karbonik.nl\/de\/steuerungssysteme\/\" \/>\n<meta property=\"og:site_name\" content=\"Karbonik\" \/>\n<meta property=\"article:modified_time\" content=\"2021-04-26T13:08:33+00:00\" \/>\n<meta name=\"twitter:card\" content=\"summary_large_image\" \/>\n<meta name=\"twitter:label1\" content=\"Gesch\u00e4tzte Lesezeit\" \/>\n\t<meta name=\"twitter:data1\" content=\"2\u00a0Minuten\" \/>\n<!-- \/ Yoast SEO plugin. -->","yoast_head_json":{"title":"Steuerungssysteme - Karbonik, voor al uw verwarmingssystemen","description":"Om optimaal comfort te bereiken met een verwarmingssysteem zijn besturingssystemen onmisbaar. Karbonik staat voor gebruiksvriendelijkheid!","robots":{"index":"index","follow":"follow","max-snippet":"max-snippet:-1","max-image-preview":"max-image-preview:large","max-video-preview":"max-video-preview:-1"},"canonical":"https:\/\/www.karbonik.nl\/de\/steuerungssysteme\/","og_locale":"de_DE","og_type":"article","og_title":"Steuerungssysteme - Karbonik, voor al uw verwarmingssystemen","og_description":"Om optimaal comfort te bereiken met een verwarmingssysteem zijn besturingssystemen onmisbaar. Karbonik staat voor gebruiksvriendelijkheid!","og_url":"https:\/\/www.karbonik.nl\/de\/steuerungssysteme\/","og_site_name":"Karbonik","article_modified_time":"2021-04-26T13:08:33+00:00","twitter_card":"summary_large_image","twitter_misc":{"Gesch\u00e4tzte Lesezeit":"2\u00a0Minuten"},"schema":{"@context":"https:\/\/schema.org","@graph":[{"@type":"WebPage","@id":"https:\/\/www.karbonik.nl\/de\/steuerungssysteme\/","url":"https:\/\/www.karbonik.nl\/de\/steuerungssysteme\/","name":"Steuerungssysteme - Karbonik, voor al uw verwarmingssystemen","isPartOf":{"@id":"https:\/\/www.karbonik.nl\/#website"},"datePublished":"2020-06-11T12:39:31+00:00","dateModified":"2021-04-26T13:08:33+00:00","description":"Om optimaal comfort te bereiken met een verwarmingssysteem zijn besturingssystemen onmisbaar. Karbonik staat voor gebruiksvriendelijkheid!","breadcrumb":{"@id":"https:\/\/www.karbonik.nl\/de\/steuerungssysteme\/#breadcrumb"},"inLanguage":"de","potentialAction":[{"@type":"ReadAction","target":["https:\/\/www.karbonik.nl\/de\/steuerungssysteme\/"]}]},{"@type":"BreadcrumbList","@id":"https:\/\/www.karbonik.nl\/de\/steuerungssysteme\/#breadcrumb","itemListElement":[{"@type":"ListItem","position":1,"name":"Home","item":"https:\/\/www.karbonik.nl\/de\/"},{"@type":"ListItem","position":2,"name":"Steuerungssysteme"}]},{"@type":"WebSite","@id":"https:\/\/www.karbonik.nl\/#website","url":"https:\/\/www.karbonik.nl\/","name":"Karbonik","description":"verwarmingssystemen op basis van carbon","potentialAction":[{"@type":"SearchAction","target":{"@type":"EntryPoint","urlTemplate":"https:\/\/www.karbonik.nl\/?s={search_term_string}"},"query-input":{"@type":"PropertyValueSpecification","valueRequired":true,"valueName":"search_term_string"}}],"inLanguage":"de"}]}},"_links":{"self":[{"href":"https:\/\/www.karbonik.nl\/de\/wp-json\/wp\/v2\/pages\/2506","targetHints":{"allow":["GET"]}}],"collection":[{"href":"https:\/\/www.karbonik.nl\/de\/wp-json\/wp\/v2\/pages"}],"about":[{"href":"https:\/\/www.karbonik.nl\/de\/wp-json\/wp\/v2\/types\/page"}],"author":[{"embeddable":true,"href":"https:\/\/www.karbonik.nl\/de\/wp-json\/wp\/v2\/users\/1"}],"replies":[{"embeddable":true,"href":"https:\/\/www.karbonik.nl\/de\/wp-json\/wp\/v2\/comments?post=2506"}],"version-history":[{"count":3,"href":"https:\/\/www.karbonik.nl\/de\/wp-json\/wp\/v2\/pages\/2506\/revisions"}],"predecessor-version":[{"id":2715,"href":"https:\/\/www.karbonik.nl\/de\/wp-json\/wp\/v2\/pages\/2506\/revisions\/2715"}],"wp:attachment":[{"href":"https:\/\/www.karbonik.nl\/de\/wp-json\/wp\/v2\/media?parent=2506"}],"curies":[{"name":"wp","href":"https:\/\/api.w.org\/{rel}","templated":true}]}}